{"id":2,"date":"2019-10-03T23:05:56","date_gmt":"2019-10-04T02:05:56","guid":{"rendered":"http:\/\/www.sedes.org.br\/Nucleos\/nucleo-acesso\/?page_id=2"},"modified":"2025-05-23T11:15:35","modified_gmt":"2025-05-23T14:15:35","slug":"nucleo-acesso","status":"publish","type":"page","link":"https:\/\/sedes.org.br\/Nucleos\/nucleo-acesso\/","title":{"rendered":"N\u00facleo Acesso"},"content":{"rendered":"<p>[et_pb_section fb_built=&#8221;1&#8243; admin_label=&#8221;Header&#8221; _builder_version=&#8221;4.16&#8243; background_color=&#8221;#f7f9f9&#8243; parallax=&#8221;on&#8221; collapsed=&#8221;off&#8221; global_colors_info=&#8221;{}&#8221;][et_pb_row column_structure=&#8221;1_2,1_2&#8243; _builder_version=&#8221;4.16&#8243; global_colors_info=&#8221;{}&#8221;][et_pb_column type=&#8221;1_2&#8243; _builder_version=&#8221;4.16&#8243; custom_padding=&#8221;||40px||false|false&#8221; custom_padding_tablet=&#8221;0px||&#8221; custom_padding_phone=&#8221;&#8221; custom_padding_last_edited=&#8221;on|tablet&#8221; global_colors_info=&#8221;{}&#8221; padding_tablet=&#8221;0px||&#8221; padding_last_edited=&#8221;on|tablet&#8221; custom_padding__hover=&#8221;|||&#8221; padding_phone=&#8221;0px||&#8221;][et_pb_text _builder_version=&#8221;4.16&#8243; text_font=&#8221;||||||||&#8221; text_line_height=&#8221;2em&#8221; header_font=&#8221;Faustina|600|||||||&#8221; header_text_align=&#8221;center&#8221; header_text_color=&#8221;#0e7162&#8243; header_font_size=&#8221;60px&#8221; header_line_height=&#8221;1.3em&#8221; background_color=&#8221;rgba(226,226,226,0.47)&#8221; custom_padding=&#8221;8px|1px|8px|1px|true|true&#8221; header_font_size_tablet=&#8221;50px&#8221; header_font_size_phone=&#8221;40px&#8221; header_font_size_last_edited=&#8221;on|phone&#8221; global_colors_info=&#8221;{}&#8221;]<\/p>\n<h1>N\u00facleo Acesso do Instituto Sedes Sapientiae<\/h1>\n<p>[\/et_pb_text][et_pb_text _builder_version=&#8221;4.27.4&#8243; text_font=&#8221;||||||||&#8221; text_line_height=&#8221;2em&#8221; header_font=&#8221;Faustina||||||||&#8221; header_text_color=&#8221;#0e7162&#8243; header_font_size=&#8221;60px&#8221; header_line_height=&#8221;1.3em&#8221; hover_enabled=&#8221;0&#8243; global_colors_info=&#8221;{}&#8221; sticky_enabled=&#8221;0&#8243;]<\/p>\n<p>Psicanalistas contribuindo com o universo de crian\u00e7as e adolescentes separados de suas fam\u00edlias de origem (Grupo Acesso) e com o universo de fam\u00edlias que lutam por terra (Movimento dos Trabalhadores Rurais sem Terra &#8211; MST).<\/p>\n<p>[\/et_pb_text][\/et_pb_column][et_pb_column type=&#8221;1_2&#8243; _builder_version=&#8221;4.16&#8243; custom_padding=&#8221;|||&#8221; global_colors_info=&#8221;{}&#8221; custom_padding__hover=&#8221;|||&#8221;][et_pb_image src=&#8221;https:\/\/www.sedes.org.br\/Nucleos\/nucleo-acesso\/wp-content\/uploads\/2020\/08\/HMV-2005.701-min.jpg&#8221; show_bottom_space=&#8221;off&#8221; align_tablet=&#8221;center&#8221; align_phone=&#8221;&#8221; align_last_edited=&#8221;on|desktop&#8221; _builder_version=&#8221;4.16&#8243; animation_style=&#8221;slide&#8221; animation_direction=&#8221;right&#8221; animation_intensity_slide=&#8221;2%&#8221; box_shadow_style=&#8221;preset1&#8243; global_colors_info=&#8221;{}&#8221;][\/et_pb_image][et_pb_text _builder_version=&#8221;4.16&#8243; _module_preset=&#8221;default&#8221; text_font_size=&#8221;12px&#8221; text_orientation=&#8221;right&#8221; global_colors_info=&#8221;{}&#8221;]Hilde Vogel-Michalik (HMV 2005.701)[\/et_pb_text][\/et_pb_column][\/et_pb_row][\/et_pb_section]<\/p>\n","protected":false},"excerpt":{"rendered":"<p>N\u00facleo Acesso do Instituto Sedes SapientiaePsicanalistas contribuindo com o universo de crian\u00e7as e adolescentes separados de suas fam\u00edlias de origem (Grupo Acesso) e com o universo de fam\u00edlias que lutam por terra (Movimento dos Trabalhadores Rurais sem Terra &#8211; MST).Hilde Vogel-Michalik (HMV 2005.701)<\/p>\n","protected":false},"author":1,"featured_media":0,"parent":0,"menu_order":0,"comment_status":"closed","ping_status":"closed","template":"","meta":{"_et_pb_use_builder":"on","_et_pb_old_content":"","_et_gb_content_width":"","footnotes":""},"class_list":["post-2","page","type-page","status-publish","hentry"],"_links":{"self":[{"href":"https:\/\/sedes.org.br\/Nucleos\/nucleo-acesso\/wp-json\/wp\/v2\/pages\/2","targetHints":{"allow":["GET"]}}],"collection":[{"href":"https:\/\/sedes.org.br\/Nucleos\/nucleo-acesso\/wp-json\/wp\/v2\/pages"}],"about":[{"href":"https:\/\/sedes.org.br\/Nucleos\/nucleo-acesso\/wp-json\/wp\/v2\/types\/page"}],"author":[{"embeddable":true,"href":"https:\/\/sedes.org.br\/Nucleos\/nucleo-acesso\/wp-json\/wp\/v2\/users\/1"}],"replies":[{"embeddable":true,"href":"https:\/\/sedes.org.br\/Nucleos\/nucleo-acesso\/wp-json\/wp\/v2\/comments?post=2"}],"version-history":[{"count":14,"href":"https:\/\/sedes.org.br\/Nucleos\/nucleo-acesso\/wp-json\/wp\/v2\/pages\/2\/revisions"}],"predecessor-version":[{"id":472,"href":"https:\/\/sedes.org.br\/Nucleos\/nucleo-acesso\/wp-json\/wp\/v2\/pages\/2\/revisions\/472"}],"wp:attachment":[{"href":"https:\/\/sedes.org.br\/Nucleos\/nucleo-acesso\/wp-json\/wp\/v2\/media?parent=2"}],"curies":[{"name":"wp","href":"https:\/\/api.w.org\/{rel}","templated":true}]}}