{"id":73,"date":"2020-01-31T14:32:19","date_gmt":"2020-01-31T17:32:19","guid":{"rendered":"https:\/\/www.sedes.org.br\/Nucleos\/nucleo-acesso\/?page_id=73"},"modified":"2025-05-23T11:17:55","modified_gmt":"2025-05-23T14:17:55","slug":"quem-somos","status":"publish","type":"page","link":"https:\/\/sedes.org.br\/Nucleos\/nucleo-acesso\/quem-somos\/","title":{"rendered":"Quem Somos"},"content":{"rendered":"<p>[et_pb_section fb_built=&#8221;1&#8243; admin_label=&#8221;About Us&#8221; _builder_version=&#8221;4.16&#8243; custom_width_px__hover=&#8221;1080px&#8221; custom_width_px__hover_enabled=&#8221;1080px&#8221; custom_width_percent__hover=&#8221;80%&#8221; custom_width_percent__hover_enabled=&#8221;80%&#8221; collapsed=&#8221;off&#8221; global_colors_info=&#8221;{}&#8221; make_fullwidth__hover=&#8221;off&#8221; make_fullwidth__hover_enabled=&#8221;off&#8221; use_custom_width__hover=&#8221;off&#8221; use_custom_width__hover_enabled=&#8221;off&#8221; width_unit__hover=&#8221;on&#8221; width_unit__hover_enabled=&#8221;on&#8221; make_equal__hover=&#8221;off&#8221; make_equal__hover_enabled=&#8221;off&#8221; use_custom_gutter__hover=&#8221;off&#8221; use_custom_gutter__hover_enabled=&#8221;off&#8221; gutter_width__hover=&#8221;3&#8243; gutter_width__hover_enabled=&#8221;3&#8243; max_width__hover=&#8221;100%&#8221; max_width__hover_enabled=&#8221;100%&#8221; parallax_1__hover=&#8221;off&#8221; parallax_1__hover_enabled=&#8221;off&#8221; parallax_2__hover=&#8221;off&#8221; parallax_2__hover_enabled=&#8221;off&#8221; parallax_3__hover=&#8221;off&#8221; parallax_3__hover_enabled=&#8221;off&#8221; parallax_method_1__hover=&#8221;on&#8221; parallax_method_1__hover_enabled=&#8221;on&#8221; parallax_method_2__hover=&#8221;on&#8221; parallax_method_2__hover_enabled=&#8221;on&#8221; parallax_method_3__hover=&#8221;on&#8221; parallax_method_3__hover_enabled=&#8221;on&#8221; background_size__hover=&#8221;cover&#8221; background_size__hover_enabled=&#8221;cover&#8221; background_position__hover=&#8221;center&#8221; background_position__hover_enabled=&#8221;center&#8221; parallax__hover=&#8221;off&#8221; parallax__hover_enabled=&#8221;off&#8221; use_background_color_gradient__hover=&#8221;off&#8221; use_background_color_gradient__hover_enabled=&#8221;off&#8221; background_color_gradient_start__hover=&#8221;#2b87da&#8221; background_color_gradient_start__hover_enabled=&#8221;#2b87da&#8221; background_color_gradient_end__hover=&#8221;#29c4a9&#8243; background_color_gradient_end__hover_enabled=&#8221;#29c4a9&#8243; background_color_gradient_type__hover=&#8221;linear&#8221; background_color_gradient_type__hover_enabled=&#8221;linear&#8221; background_color_gradient_direction__hover=&#8221;180deg&#8221; background_color_gradient_direction__hover_enabled=&#8221;180deg&#8221; background_color_gradient_direction_radial__hover=&#8221;center&#8221; background_color_gradient_direction_radial__hover_enabled=&#8221;center&#8221; background_color_gradient_start_position__hover=&#8221;0%&#8221; background_color_gradient_start_position__hover_enabled=&#8221;0%&#8221; background_color_gradient_end_position__hover=&#8221;100%&#8221; background_color_gradient_end_position__hover_enabled=&#8221;100%&#8221; background_color_gradient_overlays_image__hover=&#8221;off&#8221; background_color_gradient_overlays_image__hover_enabled=&#8221;off&#8221; parallax_method__hover=&#8221;on&#8221; parallax_method__hover_enabled=&#8221;on&#8221; background_repeat__hover=&#8221;no-repeat&#8221; background_repeat__hover_enabled=&#8221;no-repeat&#8221; background_blend__hover=&#8221;normal&#8221; background_blend__hover_enabled=&#8221;normal&#8221; allow_player_pause__hover=&#8221;off&#8221; allow_player_pause__hover_enabled=&#8221;off&#8221; background_video_pause_outside_viewport__hover=&#8221;on&#8221; background_video_pause_outside_viewport__hover_enabled=&#8221;on&#8221; inner_shadow__hover=&#8221;off&#8221; inner_shadow__hover_enabled=&#8221;off&#8221; border_radii__hover=&#8221;on||||&#8221; border_radii__hover_enabled=&#8221;on||||&#8221; box_shadow_style__hover=&#8221;none&#8221; box_shadow_style__hover_enabled=&#8221;none&#8221; box_shadow_color__hover=&#8221;rgba(0,0,0,0.3)&#8221; box_shadow_color__hover_enabled=&#8221;rgba(0,0,0,0.3)&#8221; filter_hue_rotate__hover=&#8221;0deg&#8221; filter_hue_rotate__hover_enabled=&#8221;0deg&#8221; filter_saturate__hover=&#8221;100%&#8221; filter_saturate__hover_enabled=&#8221;100%&#8221; filter_brightness__hover=&#8221;100%&#8221; filter_brightness__hover_enabled=&#8221;100%&#8221; filter_contrast__hover=&#8221;100%&#8221; filter_contrast__hover_enabled=&#8221;100%&#8221; filter_invert__hover=&#8221;0%&#8221; filter_invert__hover_enabled=&#8221;0%&#8221; filter_sepia__hover=&#8221;0%&#8221; filter_sepia__hover_enabled=&#8221;0%&#8221; filter_opacity__hover=&#8221;100%&#8221; filter_opacity__hover_enabled=&#8221;100%&#8221; filter_blur__hover=&#8221;0px&#8221; filter_blur__hover_enabled=&#8221;0px&#8221; mix_blend_mode__hover=&#8221;normal&#8221; mix_blend_mode__hover_enabled=&#8221;normal&#8221; animation_style__hover=&#8221;none&#8221; animation_style__hover_enabled=&#8221;none&#8221; animation_repeat__hover=&#8221;once&#8221; animation_repeat__hover_enabled=&#8221;once&#8221; animation_direction__hover=&#8221;center&#8221; animation_direction__hover_enabled=&#8221;center&#8221; animation_duration__hover=&#8221;1000ms&#8221; animation_duration__hover_enabled=&#8221;1000ms&#8221; animation_delay__hover=&#8221;0ms&#8221; animation_delay__hover_enabled=&#8221;0ms&#8221; animation_intensity_slide__hover=&#8221;50%&#8221; animation_intensity_slide__hover_enabled=&#8221;50%&#8221; animation_intensity_zoom__hover=&#8221;50%&#8221; animation_intensity_zoom__hover_enabled=&#8221;50%&#8221; animation_intensity_flip__hover=&#8221;50%&#8221; animation_intensity_flip__hover_enabled=&#8221;50%&#8221; animation_intensity_fold__hover=&#8221;50%&#8221; animation_intensity_fold__hover_enabled=&#8221;50%&#8221; animation_intensity_roll__hover=&#8221;50%&#8221; animation_intensity_roll__hover_enabled=&#8221;50%&#8221; animation_starting_opacity__hover=&#8221;0%&#8221; animation_starting_opacity__hover_enabled=&#8221;0%&#8221; animation_speed_curve__hover=&#8221;ease-in-out&#8221; animation_speed_curve__hover_enabled=&#8221;ease-in-out&#8221; hover_transition_duration__hover=&#8221;300ms&#8221; hover_transition_duration__hover_enabled=&#8221;300ms&#8221; hover_transition_delay__hover=&#8221;0ms&#8221; hover_transition_delay__hover_enabled=&#8221;0ms&#8221; hover_transition_speed_curve__hover=&#8221;ease&#8221; hover_transition_speed_curve__hover_enabled=&#8221;ease&#8221; background_color_gradient_stops__hover=&#8221;#2b87da 0%|#29c4a9 100%&#8221;][et_pb_row column_structure=&#8221;1_2,1_2&#8243; custom_padding_last_edited=&#8221;on|phone&#8221; padding_left_right_link_2=&#8221;true&#8221; _builder_version=&#8221;4.16&#8243; custom_margin=&#8221;||&#8221; custom_padding=&#8221;|0|50px||false|false&#8221; custom_padding_tablet=&#8221;|80px||80px|false|true&#8221; custom_padding_phone=&#8221;|0px||0px||true&#8221; custom_width_px__hover=&#8221;1080px&#8221; custom_width_px__hover_enabled=&#8221;1080px&#8221; custom_width_percent__hover=&#8221;80%&#8221; custom_width_percent__hover_enabled=&#8221;80%&#8221; global_colors_info=&#8221;{}&#8221; make_fullwidth__hover=&#8221;off&#8221; make_fullwidth__hover_enabled=&#8221;off&#8221; use_custom_width__hover=&#8221;off&#8221; use_custom_width__hover_enabled=&#8221;off&#8221; width_unit__hover=&#8221;on&#8221; width_unit__hover_enabled=&#8221;on&#8221; use_custom_gutter__hover=&#8221;off&#8221; use_custom_gutter__hover_enabled=&#8221;off&#8221; gutter_width__hover=&#8221;3&#8243; gutter_width__hover_enabled=&#8221;3&#8243; make_equal__hover=&#8221;off&#8221; make_equal__hover_enabled=&#8221;off&#8221;][et_pb_column type=&#8221;1_2&#8243; _builder_version=&#8221;4.16&#8243; custom_padding=&#8221;|||&#8221; global_colors_info=&#8221;{}&#8221; custom_padding__hover=&#8221;|||&#8221;][et_pb_text _builder_version=&#8221;4.16&#8243; text_font=&#8221;||||||||&#8221; text_line_height=&#8221;2em&#8221; header_font=&#8221;||||||||&#8221; header_3_font=&#8221;Faustina|600|||||||&#8221; header_3_text_color=&#8221;#0e7162&#8243; header_3_font_size=&#8221;26px&#8221; header_3_line_height=&#8221;1.2em&#8221; max_width=&#8221;600px&#8221; header_3_font_size_tablet=&#8221;22px&#8221; header_3_font_size_phone=&#8221;18px&#8221; header_3_font_size_last_edited=&#8221;on|tablet&#8221; locked=&#8221;off&#8221; global_colors_info=&#8221;{}&#8221; header_2_font_size__hover=&#8221;26px&#8221; header_2_font_size__hover_enabled=&#8221;26px&#8221; header_2_letter_spacing__hover=&#8221;0px&#8221; header_2_letter_spacing__hover_enabled=&#8221;0px&#8221; header_2_line_height__hover=&#8221;1em&#8221; header_2_line_height__hover_enabled=&#8221;1em&#8221; header_2_text_shadow_style__hover=&#8221;none&#8221; header_2_text_shadow_style__hover_enabled=&#8221;none&#8221; header_2_text_shadow_color__hover=&#8221;rgba(0,0,0,0.4)&#8221; header_2_text_shadow_color__hover_enabled=&#8221;rgba(0,0,0,0.4)&#8221;]<\/p>\n<h3>Quem Somos<\/h3>\n<p>Somos professores, supervisores, alunos e ex-alunos dos cursos de forma\u00e7\u00e3o em psican\u00e1lise do Instituto Sedes Sapientiae, mas tamb\u00e9m, convidados de outras institui\u00e7\u00f5es e experi\u00eancias pela relev\u00e2ncia de estudos e trabalhos realizados sobre as quest\u00f5es do acolhimento institucional, da ado\u00e7\u00e3o de crian\u00e7as e adolescentes e de movimentos sociais.<\/p>\n<p>[\/et_pb_text][et_pb_text _builder_version=&#8221;4.16&#8243; text_font=&#8221;||||||||&#8221; text_line_height=&#8221;2em&#8221; header_font=&#8221;||||||||&#8221; header_3_font=&#8221;Faustina|600|||||||&#8221; header_3_font_size=&#8221;26px&#8221; header_3_line_height=&#8221;1.2em&#8221; background_color=&#8221;#0e7162&#8243; background_layout=&#8221;dark&#8221; max_width=&#8221;600px&#8221; custom_margin=&#8221;||-100px|||false&#8221; custom_margin_tablet=&#8221;|-30px|0px|-30px||true&#8221; custom_margin_phone=&#8221;|0px||0px||true&#8221; custom_margin_last_edited=&#8221;on|desktop&#8221; custom_padding=&#8221;40px|30px|40px|30px|true|true&#8221; header_3_font_size_tablet=&#8221;22px&#8221; header_3_font_size_phone=&#8221;18px&#8221; header_3_font_size_last_edited=&#8221;on|tablet&#8221; locked=&#8221;off&#8221; global_colors_info=&#8221;{}&#8221; header_2_font_size__hover=&#8221;26px&#8221; header_2_font_size__hover_enabled=&#8221;26px&#8221; header_2_letter_spacing__hover=&#8221;0px&#8221; header_2_letter_spacing__hover_enabled=&#8221;0px&#8221; header_2_line_height__hover=&#8221;1em&#8221; header_2_line_height__hover_enabled=&#8221;1em&#8221; header_2_text_shadow_style__hover=&#8221;none&#8221; header_2_text_shadow_style__hover_enabled=&#8221;none&#8221; header_2_text_shadow_color__hover=&#8221;rgba(0,0,0,0.4)&#8221; header_2_text_shadow_color__hover_enabled=&#8221;rgba(0,0,0,0.4)&#8221;]<\/p>\n<h3>Proposta<\/h3>\n<p>Ao longo de vinte e nove anos de experi\u00eancia embasada fundamentalmente no instrumental psicanal\u00edtico, sustentamos que viv\u00eancias de desamparo e viol\u00eancia tendem a se reproduzir e a gerar, paradoxalmente, novos abandonos e viol\u00eancia. Intensos esfor\u00e7os s\u00e3o desperdi\u00e7ados quando condi\u00e7\u00f5es subjetivas dos diversos protagonistas desse universo n\u00e3o s\u00e3o levadas em conta.<\/p>\n<p>&nbsp;<\/p>\n<p>&nbsp;<\/p>\n<p><!-- \/divi:paragraph --><!-- divi:paragraph --><\/p>\n<p>Considerando a complexidade das tramas atuantes nesse circuito t\u00e3o nefasto, o N\u00facleo Acesso construiu um dispositivo cl\u00ednico-institucional, continuamente redesenhado, em fun\u00e7\u00e3o da singularidade de cada crian\u00e7a, adolescente, fam\u00edlia ou institui\u00e7\u00e3o atendida.<\/p>\n<p>&nbsp;<\/p>\n<p>&nbsp;<\/p>\n<p><!-- \/divi:paragraph --><!-- divi:paragraph --><\/p>\n<p>\u00c9 a singularidade \u2013 expressa nos gestos, nas falas, nos atos e sil\u00eancios dos sujeitos envolvidos diante dos acontecimentos inesperados que os afetam \u2013 que indica a trilha que ser\u00e1 percorrida.<\/p>\n<p>&nbsp;<\/p>\n<p>&nbsp;<\/p>\n<p><!-- \/divi:paragraph --><!-- divi:paragraph --><\/p>\n<p>Dependendo da necessidade podem ser acessados servi\u00e7os da Cl\u00ednica Psicol\u00f3gica do Instituto Sedes Sapientiae (psiquiatria, servi\u00e7o social, psicopedagogia); trabalhadores das institui\u00e7\u00f5es de acolhimento; das Varas da Inf\u00e2ncia e da Juventude; dos Conselhos Tutelares; das escolas; dos equipamentos de sa\u00fade; supervisores institucionais; equipes de acompanhamento terap\u00eautico e outros.<\/p>\n<p>&nbsp;<\/p>\n<p>&nbsp;<\/p>\n<p><!-- \/divi:paragraph --><!-- divi:paragraph --><\/p>\n<p>Este trabalho pensado, portanto, num modelo de <em><strong>cl\u00ednica extensa<\/strong><\/em>, tem se debru\u00e7ado de forma ativa e criativa sobre os emaranhados tecidos dos cuidados junto a crian\u00e7as, adolescentes e suas fam\u00edlias que se encontram em situa\u00e7\u00e3o de vulnerabilidade social, desenvolvendo pr\u00e1ticas que o colocam diante da ambi\u00e7\u00e3o de dispor de criteriosas ferramentas a servi\u00e7o de uma efetiva participa\u00e7\u00e3o social da Psican\u00e1lise, contribuindo para a formula\u00e7\u00e3o e realiza\u00e7\u00e3o de pol\u00edticas p\u00fablicas que atendam fundamentais necessidades das nossas crian\u00e7as, adolescentes e suas fam\u00edlias.<\/p>\n<p>[\/et_pb_text][\/et_pb_column][et_pb_column type=&#8221;1_2&#8243; _builder_version=&#8221;4.16&#8243; custom_padding=&#8221;|||&#8221; custom_padding_tablet=&#8221;|||||true&#8221; custom_padding_last_edited=&#8221;off|desktop&#8221; global_colors_info=&#8221;{}&#8221; padding_tablet=&#8221;|||||true&#8221; padding_last_edited=&#8221;off|desktop&#8221; custom_padding__hover=&#8221;|||&#8221;][et_pb_text _builder_version=&#8221;4.16&#8243; text_font=&#8221;||||||||&#8221; text_line_height=&#8221;2em&#8221; header_font=&#8221;||||||||&#8221; header_3_font=&#8221;Faustina|600|||||||&#8221; header_3_text_color=&#8221;#0e7162&#8243; header_3_font_size=&#8221;26px&#8221; header_3_line_height=&#8221;1.2em&#8221; background_color=&#8221;#ffffff&#8221; custom_margin=&#8221;-70px|||-50px&#8221; custom_margin_tablet=&#8221;0px|-50px||-50px||true&#8221; custom_margin_phone=&#8221;|-30px||-30px||true&#8221; custom_margin_last_edited=&#8221;on|phone&#8221; custom_padding=&#8221;50px|30px|50px|30px|true|true&#8221; custom_padding_last_edited=&#8221;off|desktop&#8221; animation_style=&#8221;slide&#8221; animation_direction=&#8221;bottom&#8221; animation_intensity_slide=&#8221;2%&#8221; header_3_font_size_tablet=&#8221;22px&#8221; header_3_font_size_phone=&#8221;18px&#8221; header_3_font_size_last_edited=&#8221;on|tablet&#8221; border_radii=&#8221;on|3px|3px|3px|3px&#8221; box_shadow_style=&#8221;preset3&#8243; box_shadow_vertical=&#8221;40px&#8221; box_shadow_blur=&#8221;100px&#8221; box_shadow_spread=&#8221;-30px&#8221; box_shadow_color=&#8221;rgba(0,0,0,0.22)&#8221; locked=&#8221;off&#8221; global_colors_info=&#8221;{}&#8221; header_2_font_size__hover=&#8221;26px&#8221; header_2_font_size__hover_enabled=&#8221;26px&#8221; header_2_letter_spacing__hover=&#8221;0px&#8221; header_2_letter_spacing__hover_enabled=&#8221;0px&#8221; header_2_line_height__hover=&#8221;1em&#8221; header_2_line_height__hover_enabled=&#8221;1em&#8221; header_2_text_shadow_style__hover=&#8221;none&#8221; header_2_text_shadow_style__hover_enabled=&#8221;none&#8221; header_2_text_shadow_color__hover=&#8221;rgba(0,0,0,0.4)&#8221; header_2_text_shadow_color__hover_enabled=&#8221;rgba(0,0,0,0.4)&#8221;]<\/p>\n<h3>Hist\u00f3ria<\/h3>\n<p>Em 1996 a Diretoria do Instituto convocou a comunidade Sedes Sapientiae para a constru\u00e7\u00e3o coletiva de um projeto \u00e9tico pol\u00edtico para a Cl\u00ednica do Instituto Sedes Sapientiae, que ultrapassasse o modelo <em>cl\u00ednica-escola<\/em> at\u00e9 ent\u00e3o vigente e alcan\u00e7asse o modelo de <em>cl\u00ednica de servi\u00e7os<\/em>, verdadeiramente atento \u00e0s demandas e necessidades dos pacientes.<\/p>\n<p>&nbsp;<\/p>\n<p>&nbsp;<\/p>\n<p>&nbsp;<\/p>\n<p>&nbsp;<\/p>\n<p>&nbsp;<\/p>\n<p>&nbsp;<\/p>\n<p><!-- \/divi:paragraph --><!-- divi:paragraph --><\/p>\n<p>Dentre os v\u00e1rios projetos apresentados surge o <strong>Grupo Acesso \u2013 Estudos, Interven\u00e7\u00f5es e Pesquisa sobre Ado\u00e7\u00e3o da Cl\u00ednica Psicol\u00f3gica do Instituto Sedes Sapientiae<\/strong>, coordenado por tr\u00eas psicanalistas, Marcia Regina Porto Ferreira, Maria Luiza de Assis Moura Ghirardi e Maria Helena Hessel, preocupadas com o universo de crian\u00e7as e adolescentes que, por quest\u00f5es s\u00f3cio-pol\u00edtico-subjetivas, foram afastadas de suas fam\u00edlias de origem e que vivem com suas fam\u00edlias adotivas ou em institui\u00e7\u00f5es de acolhimento.<\/p>\n<p>&nbsp;<\/p>\n<p>&nbsp;<\/p>\n<p>&nbsp;<\/p>\n<p>&nbsp;<\/p>\n<p>&nbsp;<\/p>\n<p>&nbsp;<\/p>\n<p><!-- \/divi:paragraph --><!-- divi:paragraph --><\/p>\n<p>Em 2019 o Grupo Acesso tornou-se <strong>N\u00facleo Acesso<\/strong>, ampliando suas aten\u00e7\u00f5es para o universo de fam\u00edlias que participam dos movimentos sociais de luta por terra.<\/p>\n<p>[\/et_pb_text][\/et_pb_column][\/et_pb_row][\/et_pb_section]<\/p>\n","protected":false},"excerpt":{"rendered":"<p>Quem Somos Somos professores, supervisores, alunos e ex-alunos dos cursos de forma\u00e7\u00e3o em psican\u00e1lise do Instituto Sedes Sapientiae, mas tamb\u00e9m, convidados de outras institui\u00e7\u00f5es e experi\u00eancias pela relev\u00e2ncia de estudos e trabalhos realizados sobre as quest\u00f5es do acolhimento institucional, da ado\u00e7\u00e3o de crian\u00e7as e adolescentes e de movimentos sociais.Proposta Ao longo de vinte e nove [&hellip;]<\/p>\n","protected":false},"author":1,"featured_media":0,"parent":0,"menu_order":0,"comment_status":"closed","ping_status":"closed","template":"","meta":{"_et_pb_use_builder":"on","_et_pb_old_content":"<!-- wp:paragraph -->\n<p>Somos professores, supervisores, alunos e ex-alunos dos cursos de forma\u00e7\u00e3o em psican\u00e1lise do Instituto Sedes Sapientiae, mas tamb\u00e9m, convidados de outras institui\u00e7\u00f5es e experi\u00eancias pela relev\u00e2ncia de estudos e trabalhos realizados sobre as quest\u00f5es do acolhimento institucional, da ado\u00e7\u00e3o de crian\u00e7as e adolescentes e dos movimentos sociais por moradia. <\/p>\n<!-- \/wp:paragraph -->\n\n<!-- wp:heading {\"level\":3} -->\n<h3>Hist\u00f3ria<\/h3>\n<!-- \/wp:heading -->\n\n<!-- wp:paragraph -->\n<p>Em 1996 a Diretoria do Instituto convocou a comunidade Sedes Sapientiae para a constru\u00e7\u00e3o coletiva de um projeto \u00e9tico pol\u00edtico para a Cl\u00ednica do Instituto Sedes Sapientiae, que ultrapasse o modelo <em>cl\u00ednica escola<\/em> vigente e alcan\u00e7asse o modelo de <em>cl\u00ednica de servi\u00e7os<\/em>, verdadeiramente atenta \u00e0s demandas e necessidades dos pacientes. <\/p>\n<!-- \/wp:paragraph -->\n\n<!-- wp:paragraph -->\n<p>Dentre os v\u00e1rios projetos apresentados surge o <strong>Grupo Acesso \u2013 Estudos, Interven\u00e7\u00f5es e Pesquisa sobre Ado\u00e7\u00e3o da Cl\u00ednica Psicol\u00f3gica do Instituto Sedes Sapientiae<\/strong>, coordenado por tr\u00eas psicanalistas, Marcia Regina Porto Ferreira, Maria Luiza de Assis Moura Ghirardi e Maria Helena B., preocupadas com o universo de crian\u00e7as e adolescentes que, por quest\u00f5es s\u00f3cio-pol\u00edtico-subjetivas, foram afastadas de suas fam\u00edlias de origem e que vivem com suas fam\u00edlias adotivas ou em institui\u00e7\u00f5es de acolhimento.<\/p>\n<!-- \/wp:paragraph -->\n\n<!-- wp:paragraph -->\n<p>Em 2019 o Grupo Acesso tornou-se <strong>N\u00facleo Acesso<\/strong>, ampliando suas aten\u00e7\u00f5es para o universo de fam\u00edlias que participam dos movimentos sociais de luta por moradia.<\/p>\n<!-- \/wp:paragraph -->\n\n<!-- wp:heading {\"level\":3} -->\n<h3>Proposta<\/h3>\n<!-- \/wp:heading -->\n\n<!-- wp:paragraph -->\n<p>Ao longo de vinte e quatro anos de experi\u00eancia embasada fundamentalmente no instrumental psicanal\u00edtico, sustentamos que viv\u00eancias de desamparo e viol\u00eancia tendem a se reproduzir e a gerar, paradoxalmente, novos abandonos e viol\u00eancia. Intensos esfor\u00e7os s\u00e3o desperdi\u00e7ados quando condi\u00e7\u00f5es subjetivas dos diversos protagonistas desse universo n\u00e3o s\u00e3o levadas em conta.<\/p>\n<!-- \/wp:paragraph -->\n\n<!-- wp:paragraph -->\n<p>Considerando a complexidade das tramas atuantes    nesse circuito  t\u00e3o nefasto, o N\u00facleo Acesso     construiu um   dispositivo cl\u00ednico-institucional, continuamente redesenhado, em fun\u00e7\u00e3o da singularidade de cada crian\u00e7a,    adolescente, fam\u00edlia ou  institui\u00e7\u00e3o    atendida.<\/p>\n<!-- \/wp:paragraph -->\n\n<!-- wp:paragraph -->\n<p>\u00c9 a singularidade \u2013 expressa nos gestos, nas falas,  nos atos e sil\u00eancios dos sujeitos envolvidos diante dos acontecimentos inesperados  que os  afetam \u2013 que indica a trilha que ser\u00e1 percorrida.<\/p>\n<!-- \/wp:paragraph -->\n\n<!-- wp:paragraph -->\n<p>Dependendo da necessidade podem ser acessados servi\u00e7os da Cl\u00ednica Psicol\u00f3gica do Instituto Sedes Sapientiae (psiquiatria, servi\u00e7o social, psicopedagogia); trabalhadores das institui\u00e7\u00f5es de acolhimento; das Varas da Inf\u00e2ncia e da Juventude; dos Conselhos Tutelares; das escolas; dos equipamentos de sa\u00fade; supervisores institucionais; equipes de acompanhamento terap\u00eautico e outros.<\/p>\n<!-- \/wp:paragraph -->\n\n<!-- wp:paragraph -->\n<p>Este trabalho pensado, portanto, num modelo de <em><strong>cl\u00ednica extensa<\/strong><\/em>, tem se  debru\u00e7ado   de  forma   ativa   e criativa  sobre   os emaranhados tecidos   dos cuidados junto a crian\u00e7as, adolescentes e suas fam\u00edlias que se encontram em situa\u00e7\u00e3o de vulnerabilidade social, desenvolvendo pr\u00e1ticas que o colocam  diante  da ambi\u00e7\u00e3o de dispor de criteriosas ferramentas  a servi\u00e7o de uma efetiva participa\u00e7\u00e3o social da  Psican\u00e1lise, contribuindo    para a formula\u00e7\u00e3o e realiza\u00e7\u00e3o de pol\u00edticas p\u00fablicas que atendam fundamentais necessidades das nossas crian\u00e7as, adolescentes e suas fam\u00edlias.    <\/p>\n<!-- \/wp:paragraph -->","_et_gb_content_width":"","footnotes":""},"class_list":["post-73","page","type-page","status-publish","hentry"],"_links":{"self":[{"href":"https:\/\/sedes.org.br\/Nucleos\/nucleo-acesso\/wp-json\/wp\/v2\/pages\/73","targetHints":{"allow":["GET"]}}],"collection":[{"href":"https:\/\/sedes.org.br\/Nucleos\/nucleo-acesso\/wp-json\/wp\/v2\/pages"}],"about":[{"href":"https:\/\/sedes.org.br\/Nucleos\/nucleo-acesso\/wp-json\/wp\/v2\/types\/page"}],"author":[{"embeddable":true,"href":"https:\/\/sedes.org.br\/Nucleos\/nucleo-acesso\/wp-json\/wp\/v2\/users\/1"}],"replies":[{"embeddable":true,"href":"https:\/\/sedes.org.br\/Nucleos\/nucleo-acesso\/wp-json\/wp\/v2\/comments?post=73"}],"version-history":[{"count":12,"href":"https:\/\/sedes.org.br\/Nucleos\/nucleo-acesso\/wp-json\/wp\/v2\/pages\/73\/revisions"}],"predecessor-version":[{"id":474,"href":"https:\/\/sedes.org.br\/Nucleos\/nucleo-acesso\/wp-json\/wp\/v2\/pages\/73\/revisions\/474"}],"wp:attachment":[{"href":"https:\/\/sedes.org.br\/Nucleos\/nucleo-acesso\/wp-json\/wp\/v2\/media?parent=73"}],"curies":[{"name":"wp","href":"https:\/\/api.w.org\/{rel}","templated":true}]}}