{"id":5731,"date":"2026-02-10T08:00:11","date_gmt":"2026-02-10T11:00:11","guid":{"rendered":"https:\/\/sedes.org.br\/site\/?page_id=5731"},"modified":"2026-03-03T15:30:45","modified_gmt":"2026-03-03T18:30:45","slug":"resultado-selecao-132","status":"publish","type":"page","link":"https:\/\/sedes.org.br\/site\/resultado-selecao-132\/","title":{"rendered":"Fundamentos da Psican\u00e1lise e sua Pr\u00e1tica Cl\u00ednica &#8211; presencial"},"content":{"rendered":"<!DOCTYPE html PUBLIC \"-\/\/W3C\/\/DTD HTML 4.0 Transitional\/\/EN\" \"http:\/\/www.w3.org\/TR\/REC-html40\/loose.dtd\">\n<html><body><p><strong><span style=\"color: #800000;\">PRIMEIRA CHAMADA: 04\/03\/2026<\/span><\/strong><\/p>\n<p style=\"text-align: left;\"><strong><span style=\"color: #800000;\">ATEN&Ccedil;&Atilde;O<\/span><\/strong><\/p>\n<p style=\"text-align: left;\">As matr&iacute;culas dever&atilde;o ser efetuadas de 04\/03\/2026 &agrave;s 14h00 at&eacute; o dia 06\/03\/2026. <em><strong>(ver o procedimento de matr&iacute;cula abaixo da lista de aprovados)<\/strong><\/em><\/p>\n<p style=\"text-align: left;\"><span style=\"color: #800000;\">IN&Iacute;CIO DAS AULAS:<\/span> 17\/03\/2026.<\/p>\n<hr>\n<ol style=\"text-align: left;\">\n<li>ALESSANDRO GERARDI<\/li>\n<li>ANA CAROLINA PEREIRA DE NOVAIS<\/li>\n<li>ANA CAROLINE SILVA RODRIGUES<\/li>\n<li>ANA J&Uacute;LIA PALAVERI RAMOS<\/li>\n<li>ANA PAULA GOMES SILVA<\/li>\n<li>ANA TERESA DE SOUZA BARROS COSTA<\/li>\n<li>ANA VIT&Oacute;RIA MOREIRA BELLA<\/li>\n<li>ARNALDO REBELLO CAMARGO J&Uacute;NIOR<\/li>\n<li>BEATRIZ GAZZONI TAURISANO<\/li>\n<li>BIANCA ANDREAZE GRANCIERI<\/li>\n<li>BRUNA ARNIZANT DEZORZI<\/li>\n<li>CAMILA IWABE<\/li>\n<li>CARLA CASSANDRA DANTAS PAIVA SANTANA<\/li>\n<li>CAROLINA ALMEIDA LIMA CARMONA<\/li>\n<li>CAROLINA ALONSO MIQUILINO FERREIRA<\/li>\n<li>CAROLINA CARRARO MORITA<\/li>\n<li>CAROLINA NOGUEIRA MIRANDA<\/li>\n<li>CAROLINA SOARES BULC&Atilde;O<\/li>\n<li>CAROLINNE COMERLATTI<\/li>\n<li>CLARA BARBOSA CAMPOS<\/li>\n<li>CLARISSA KARAOGLAN DE MACEDO MARTINS<\/li>\n<li>CLAUDIA ARBEX ALVES DA SILVA<\/li>\n<li>CLAUDIA DEMATTIO DE ALMEIDA E SILVA DORIGON<\/li>\n<li>DANIEL MONTEL SEABRA<\/li>\n<li>DANIELE DAYRELL BARACAT MARENDAZ<\/li>\n<li>DEBORA CARRION SILVA<\/li>\n<li>DEBORAH GOULART VISNADI<\/li>\n<li>DENISE MACHADO HORATO<\/li>\n<li>DIEGO MACEDO DOS SANTOS<\/li>\n<li>DIOGO ANUNCIACAO REIS<\/li>\n<li>DJEMILE NAOMI KODAMA<\/li>\n<li>EDILEUSA ANDRADE DE CARVALHO ARAUJO COSTA<\/li>\n<li>EDNAEL SOUZA FERREIRA<\/li>\n<li>EDUARDO OLIVEIRA SOUSA<\/li>\n<li>&Eacute;RICA AMORIM<\/li>\n<li>EVALDO MASSAMITI YOKOYA<\/li>\n<li>EVANDRO DA SILVA PALMA<\/li>\n<li>FABIANA CRISTINA DA SILVA<\/li>\n<li>FELIPE BEZERRA AIRES<\/li>\n<li>FERNANDO BUSCHER VON TESCHENHAUSEN EBERLIN<\/li>\n<li>FL&Aacute;VIA MERIGHI VALENCIANO<\/li>\n<li>GILVAN OLIVEIRA<\/li>\n<li>GIOVANA ALVES DE ALMEIDA<\/li>\n<li>GUILHERME LUCAS SANTOS<\/li>\n<li>GUILHERME REGUERA BOIAGO<\/li>\n<li>GUSTAVO V&Iacute;COLA<\/li>\n<li>JOSE RODINEI FERNANDES<\/li>\n<li>JULIA DALKMIN ALVES FERREIRA<\/li>\n<li>JULIANA CORSI DIAS<\/li>\n<li>JULIANA CROCHIQUIA MUSCOVICK<\/li>\n<li>JULIANA DE ALMEIDA OLIVEIRA<\/li>\n<li>KATIA ALECRIM<\/li>\n<li>LAYRE PANTOJA ALMEIDA DE OLIVEIRA<\/li>\n<li>LET&Iacute;CIA DA COSTA LANDI<\/li>\n<li>LOUISE MASCARENHAS PITANGA<\/li>\n<li>LUANA CORREA GUIMAR&Atilde;ES DE ABREU<\/li>\n<li>LUCAS BUTENAS LOPEZ<\/li>\n<li>LUCIANA BARONE<\/li>\n<li>LUISA VACHIAVEO ALBERTINO<\/li>\n<li>LUIZA DEPIERRI SINICO<\/li>\n<li>LUIZA DI NINNO DOMINGUES<\/li>\n<li>MARA S&Iacute;LVIA MANGUEIRA ORTIZ<\/li>\n<li>MARCELLA BOASSALY SANCHEZ<\/li>\n<li>MARCELO BALBI RODRIGUES ZUPPARDO<\/li>\n<li>MARCELO MONTEIRO DIB<\/li>\n<li>MARCO TULIO SOUZA MARTINS<\/li>\n<li>MARIA ANTONIA FIGUEIREDO GEIA DO AMARAL<\/li>\n<li>MARIA DA GL&Oacute;RIA ARAG&Atilde;O DOMENECH<\/li>\n<li>MARIA ELISA GUALANDI VERRI<\/li>\n<li>MARIA LAURA VILELA CESAR<\/li>\n<li>MARIAH RODRIGUES DE CASTRO<\/li>\n<li>MARIANA DEL GUERCIO VON SYDOW<\/li>\n<li>MARIANE DE OLIVEIRA<\/li>\n<li>MARINA BOYADJIAN<\/li>\n<li>MARLA FERNANDA BASTOS LIMA<\/li>\n<li>MARTA LUCIA DE BONA<\/li>\n<li>MAURICIO SANTOS GAZIRE<\/li>\n<li>MAYRA CRISTINA GUEDES CERQUEIRA<\/li>\n<li>MELISSA CASTAGNARI SALLES<\/li>\n<li>MICHELE KARINA GOMES<\/li>\n<li>MILEANE MERIELE DA CRUZ<\/li>\n<li>MURILO ROYES FERRER BAPTISTA<\/li>\n<li>NAIANA DA SILVA SACRAMENTO PETTERSON<\/li>\n<li>NATALIA BATISTA<\/li>\n<li>NATHALIA GALHARDI ALARIO<\/li>\n<li>PAULA FONTES ALEXANDRE DEL REI<\/li>\n<li>RAFAEL AMBROSIO DE LIMA<\/li>\n<li>RAFAEL FERNANDES ROCHA DAMASCENO<\/li>\n<li>RAFAEL PEREIRA<\/li>\n<li>RAFAEL TRIVELLA PACHECO DA SILVA<\/li>\n<li>RAQUEL AOKI RIBES<\/li>\n<li>RAQUEL NASCIMENTO PINHEIRO<\/li>\n<li>RENATA APARECIDA CUNHA RUFATO<\/li>\n<li>RENATA BORGES OLIVEIRA<\/li>\n<li>RENATA MURAMATSU<\/li>\n<li>ROBERTA GUZZON GODINHO<\/li>\n<li>SAMIRA ANDRIOLE DE SOUSA<\/li>\n<li>SIMONE ARGILES<\/li>\n<li>TABATA ALECSANDRA ROSA SALLES<\/li>\n<li>TERESA CRISTINA CARNEIRO PEDOTE<\/li>\n<li>TERESA MEIRELLES DE LIMA<\/li>\n<li>TEREZA CRISTINA LEAL RODRIGUEZ BESSA<\/li>\n<li>THAIN&Aacute; REBECA SOAVE<\/li>\n<li>THAIS RAPINI<\/li>\n<li>THAIS REGINA GOMES DE ARAUJO<\/li>\n<li>THALES FELIPE DANTAS ALVES<\/li>\n<li>THIAGO TOLEDO LEITE FERREIRA DA ROCHA<\/li>\n<li>VIVIANA YOSHIMI OYADOMARI<\/li>\n<li>WASHINGTON JOSE DE OLIVEIRA DA FONSECA<\/li>\n<\/ol>\n<hr>\n<p style=\"text-align: left;\"><a href=\"https:\/\/inscricaocotas.sedes.org.br\/\" target=\"_blank\" rel=\"noopener\"><em><strong>Inscri&ccedil;&atilde;o no programa de cotas raciais para pretos, pardos ou ind&iacute;gena, clique aqui&hellip;<\/strong><\/em><\/a><\/p>\n<hr>\n<h4 style=\"text-align: left;\"><span style=\"color: #800000;\">COMO FAZER MINHA MATR&Iacute;CULA?<\/span><\/h4>\n<p style=\"padding-left: 40px;\">1 &ndash; Acessar o site do Sedes em <a href=\"https:\/\/sedes.org.br\">https:\/\/sedes.org.br<\/a>, e no cabe&ccedil;alho clicar em <strong><em>&ldquo;<a href=\"https:\/\/sedes.org.br\/site\/area_alunos\/\">ALUNO<\/a><\/em><\/strong><em>&rdquo;<\/em>, e na p&aacute;gina seguinte em: <strong><em>&ldquo;<u><a href=\"https:\/\/sedes.org.br\/site\/area_alunos\/\">&Aacute;rea Financeira<\/a><\/u>&rdquo;<\/em><\/strong>.<\/p>\n<p style=\"padding-left: 40px;\">2 &ndash; Para ingressar no sistema, o aluno dever&aacute; fornecer o CPF no campo de identifica&ccedil;&atilde;o, sem pontos e sem h&iacute;fen, e clicar em conectar. (<strong><em>se ao inserir seu CPF, aparecer na tela a informa&ccedil;&atilde;o de &ldquo;IDENTIFICA&Ccedil;&Atilde;O INV&Aacute;LIDA&rdquo;, entrar em contato com a Tesouraria pelo email: <\/em><\/strong><a href=\"mailto:tesouraria@sedes.org.br\"><em>tesouraria@sedes.org.br<\/em><\/a>)<\/p>\n<p style=\"padding-left: 80px;\">2.1 &ndash; Na pr&oacute;xima tela, clicar no &iacute;cone no formato de um cadeado (<em>Esqueceu sua senha?<\/em>), e em seguida clicar em &ldquo;Receber C&oacute;digo&rdquo;, que ser&aacute; enviado para o seu email para cria&ccedil;&atilde;o de uma senha, conforme instru&ccedil;&otilde;es na tela. Ap&oacute;s cria&ccedil;&atilde;o conclu&iacute;da, basta inserir novamente a senha para entrar no sistema. (<strong><em>Lembre-se de utilizar uma senha forte, de prefer&ecirc;ncia contendo letras mai&uacute;sculas e min&uacute;sculas, n&uacute;meros e caracteres especiais).<\/em><\/strong><\/p>\n<p style=\"padding-left: 40px;\">3 &ndash; Ao ingressar no sistema, clicar em seu nome no canto superior esquerdo da p&aacute;gina para abrir um menu com algumas op&ccedil;&otilde;es. Clique em <strong>&ldquo;MATR&Iacute;CULA&rdquo;<\/strong> para visualizar o contrato, fazer a leitura e confirmar a assinatura eletr&ocirc;nica.<\/p>\n<p style=\"padding-left: 40px;\">4 &ndash; Ap&oacute;s a confirma&ccedil;&atilde;o da assinatura, ser&aacute; liberado o C&oacute;digo PIX para pagamento da matr&iacute;cula, que dever&aacute; ser efetivado no mesmo dia da assinatura eletr&ocirc;nica do contrato. <strong><em>IMPORTANTE: Lembramos que seu contrato somente ser&aacute; efetivado ap&oacute;s a confirma&ccedil;&atilde;o do pagamento da matr&iacute;cula.<\/em><\/strong><\/p>\n<p><strong><em>Observa&ccedil;&atilde;o:<\/em><\/strong> os boletos das mensalidades dos meses posteriores, poder&atilde;o ser visualizados e\/ou impressos a partir do mesmo sistema: <strong><em>&ldquo;<a href=\"https:\/\/sedes.org.br\/site\/area_alunos\/\">ALUNO<\/a><\/em><\/strong><em>&rdquo;<\/em>, e na p&aacute;gina seguinte em: <strong><em>&ldquo;<u><a href=\"https:\/\/sedes.org.br\/site\/area_alunos\/\">&Aacute;rea Financeira<\/a><\/u>&rdquo;<\/em><\/strong><strong>.<\/strong><\/p>\n<hr>\n<p style=\"text-align: left;\"><a href=\"https:\/\/inscricaocotas.sedes.org.br\/\" target=\"_blank\" rel=\"noopener\"><em><strong>Inscri&ccedil;&atilde;o no programa de cotas raciais para pretos, pardos ou ind&iacute;gena, clique aqui&hellip;<\/strong><\/em><\/a><\/p>\n<hr>\n<\/body><\/html>\n","protected":false},"excerpt":{"rendered":"<p>PRIMEIRA CHAMADA: 04\/03\/2026 ATEN&Ccedil;&Atilde;O As matr&iacute;culas dever&atilde;o ser efetuadas de 04\/03\/2026 &agrave;s 14h00 at&eacute; o dia 06\/03\/2026. (ver o procedimento de matr&iacute;cula abaixo da lista de aprovados) IN&Iacute;CIO DAS AULAS: 17\/03\/2026. ALESSANDRO GERARDI ANA CAROLINA PEREIRA DE NOVAIS ANA CAROLINE SILVA RODRIGUES ANA J&Uacute;LIA PALAVERI RAMOS ANA PAULA GOMES SILVA ANA TERESA DE SOUZA BARROS [&hellip;]<\/p>\n","protected":false},"author":4,"featured_media":0,"parent":0,"menu_order":0,"comment_status":"closed","ping_status":"closed","template":"","meta":[],"_links":{"self":[{"href":"https:\/\/sedes.org.br\/site\/wp-json\/wp\/v2\/pages\/5731"}],"collection":[{"href":"https:\/\/sedes.org.br\/site\/wp-json\/wp\/v2\/pages"}],"about":[{"href":"https:\/\/sedes.org.br\/site\/wp-json\/wp\/v2\/types\/page"}],"author":[{"embeddable":true,"href":"https:\/\/sedes.org.br\/site\/wp-json\/wp\/v2\/users\/4"}],"replies":[{"embeddable":true,"href":"https:\/\/sedes.org.br\/site\/wp-json\/wp\/v2\/comments?post=5731"}],"version-history":[{"count":21,"href":"https:\/\/sedes.org.br\/site\/wp-json\/wp\/v2\/pages\/5731\/revisions"}],"predecessor-version":[{"id":10284,"href":"https:\/\/sedes.org.br\/site\/wp-json\/wp\/v2\/pages\/5731\/revisions\/10284"}],"wp:attachment":[{"href":"https:\/\/sedes.org.br\/site\/wp-json\/wp\/v2\/media?parent=5731"}],"curies":[{"name":"wp","href":"https:\/\/api.w.org\/{rel}","templated":true}]}}