{"id":9077,"date":"2024-10-01T10:08:18","date_gmt":"2024-10-01T13:08:18","guid":{"rendered":"https:\/\/sedes.org.br\/site\/?page_id=9077"},"modified":"2024-10-01T10:08:18","modified_gmt":"2024-10-01T13:08:18","slug":"servico-de-protecao-social-a-criancas-e-adolescentes-vitimas-de-violencia","status":"publish","type":"page","link":"https:\/\/sedes.org.br\/site\/servico-de-protecao-social-a-criancas-e-adolescentes-vitimas-de-violencia\/","title":{"rendered":"Servi\u00e7o de Prote\u00e7\u00e3o Social a Crian\u00e7as e Adolescentes V\u00edtimas de Viol\u00eancia"},"content":{"rendered":"<!DOCTYPE html PUBLIC \"-\/\/W3C\/\/DTD HTML 4.0 Transitional\/\/EN\" \"http:\/\/www.w3.org\/TR\/REC-html40\/loose.dtd\">\n<html><body><p><img loading=\"lazy\" class=\"img-responsive alignnone  wp-image-9080\" src=\"https:\/\/sedes.org.br\/site\/wp-content\/uploads\/2024\/10\/logo_prefeitura_sao_paulo.jpg\" alt=\"\" width=\"138\" height=\"106\" srcset=\"https:\/\/sedes.org.br\/site\/wp-content\/uploads\/2024\/10\/logo_prefeitura_sao_paulo.jpg 542w, https:\/\/sedes.org.br\/site\/wp-content\/uploads\/2024\/10\/logo_prefeitura_sao_paulo-300x230.jpg 300w\" sizes=\"(max-width: 138px) 100vw, 138px\"><\/p>\n<hr>\n<p style=\"text-align: left;\">De acordo com a publicidade e transpar&ecirc;ncia exigidas pelas Decreto Municipal n&ordm; 57.575\/2016, Cap&iacute;tulo III, Art. 6&ordm; e 7&ordm; e Marco Regulat&oacute;rio das Organiza&ccedil;&otilde;es da Sociedade Civil (Lei 13.019\/2014), Se&ccedil;&atilde;o III, Art&ordm; 11, segue informa&ccedil;&otilde;es da parceria sobre os servi&ccedil;os prestados.<\/p>\n<p style=\"text-align: left;\"><strong>Termo de Colabora&ccedil;&atilde;o:<\/strong>&nbsp;206\/SMADS\/2023<\/p>\n<p style=\"text-align: left;\"><strong>Nome da OSC:&nbsp;<\/strong>Associa&ccedil;&atilde;o instrutora da Juventude Feminina &ndash; Instituto Sedes Sapientiae<\/p>\n<p style=\"text-align: left;\"><strong>CNPJ:&nbsp;<\/strong>60.533.940-0012\/20<\/p>\n<p style=\"text-align: left;\"><strong>Nome do Projeto:&nbsp;<\/strong>Servi&ccedil;o de Prote&ccedil;&atilde;o Social a Crian&ccedil;as e Adolescentes V&iacute;timas de Viol&ecirc;ncia<\/p>\n<p style=\"text-align: left;\"><strong>Setor&nbsp; respons&aacute;vel pelo Projeto:&nbsp;<\/strong>CNRVV &ndash; Centro de Refer&ecirc;ncia &agrave;s V&iacute;timas de Viol&ecirc;ncia<\/p>\n<p style=\"text-align: left;\"><strong>N&ordm; do processo SEI:<\/strong><strong>&nbsp;<\/strong>6024.2023\/0000743-0<\/p>\n<p style=\"text-align: left;\"><strong>Data de vig&ecirc;ncia:&nbsp;<\/strong>01\/06\/2023 a 31\/05\/2028<\/p>\n<p style=\"text-align: left;\"><strong>Representante Legal:&nbsp;<\/strong>Georgia Vassimon<\/p>\n<p style=\"text-align: left;\"><strong>Valor total da parceria:&nbsp;<\/strong>R$ 3.599.754,60<\/p>\n<p style=\"text-align: left;\"><strong>Valores repassados:&nbsp;&nbsp;<\/strong>Em andamento<\/p>\n<hr>\n<p style=\"text-align: left;\"><strong>Link dos documentos em PDF:<\/strong><\/p>\n<ul>\n<li style=\"text-align: left;\"><a href=\"https:\/\/sedes.org.br\/site\/wp-content\/uploads\/2024\/10\/caracterizacao_do_servico_lei_17.545-2021.doc\"><em><strong>Resumo do Projeto &ndash; Caracteriza&ccedil;&atilde;o do Servi&ccedil;o<\/strong><\/em><\/a><\/li>\n<li style=\"text-align: left;\"><a href=\"https:\/\/sedes.org.br\/site\/wp-content\/uploads\/2024\/10\/plano_de_trabalho_SPSCAVV.pdf\"><em><strong>Proposta de Plano de Trabalho<\/strong><\/em><\/a><\/li>\n<\/ul>\n<\/body><\/html>\n","protected":false},"excerpt":{"rendered":"<p>De acordo com a publicidade e transpar&ecirc;ncia exigidas pelas Decreto Municipal n&ordm; 57.575\/2016, Cap&iacute;tulo III, Art. 6&ordm; e 7&ordm; e Marco Regulat&oacute;rio das Organiza&ccedil;&otilde;es da Sociedade Civil (Lei 13.019\/2014), Se&ccedil;&atilde;o III, Art&ordm; 11, segue informa&ccedil;&otilde;es da parceria sobre os servi&ccedil;os prestados. Termo de Colabora&ccedil;&atilde;o:&nbsp;206\/SMADS\/2023 Nome da OSC:&nbsp;Associa&ccedil;&atilde;o instrutora da Juventude Feminina &ndash; Instituto Sedes Sapientiae [&hellip;]<\/p>\n","protected":false},"author":4,"featured_media":0,"parent":0,"menu_order":0,"comment_status":"closed","ping_status":"closed","template":"","meta":[],"_links":{"self":[{"href":"https:\/\/sedes.org.br\/site\/wp-json\/wp\/v2\/pages\/9077"}],"collection":[{"href":"https:\/\/sedes.org.br\/site\/wp-json\/wp\/v2\/pages"}],"about":[{"href":"https:\/\/sedes.org.br\/site\/wp-json\/wp\/v2\/types\/page"}],"author":[{"embeddable":true,"href":"https:\/\/sedes.org.br\/site\/wp-json\/wp\/v2\/users\/4"}],"replies":[{"embeddable":true,"href":"https:\/\/sedes.org.br\/site\/wp-json\/wp\/v2\/comments?post=9077"}],"version-history":[{"count":1,"href":"https:\/\/sedes.org.br\/site\/wp-json\/wp\/v2\/pages\/9077\/revisions"}],"predecessor-version":[{"id":9081,"href":"https:\/\/sedes.org.br\/site\/wp-json\/wp\/v2\/pages\/9077\/revisions\/9081"}],"wp:attachment":[{"href":"https:\/\/sedes.org.br\/site\/wp-json\/wp\/v2\/media?parent=9077"}],"curies":[{"name":"wp","href":"https:\/\/api.w.org\/{rel}","templated":true}]}}