{"id":9228,"date":"2024-12-18T10:24:56","date_gmt":"2024-12-18T13:24:56","guid":{"rendered":"https:\/\/sedes.org.br\/site\/?page_id=9228"},"modified":"2026-03-24T14:18:27","modified_gmt":"2026-03-24T17:18:27","slug":"area_alunos","status":"publish","type":"page","link":"https:\/\/sedes.org.br\/site\/area_alunos\/","title":{"rendered":"Acesso \u00e0s \u00e1reas do aluno &#8211; financeiro e acad\u00eamico"},"content":{"rendered":"<!DOCTYPE html PUBLIC \"-\/\/W3C\/\/DTD HTML 4.0 Transitional\/\/EN\" \"http:\/\/www.w3.org\/TR\/REC-html40\/loose.dtd\">\n<html><body><p style=\"text-align: left;\"><strong>&Aacute;rea Financeira:<\/strong><\/p>\n<ol>\n<li style=\"text-align: left;\"><span style=\"color: #008080;\"><strong>matr&iacute;cula<\/strong> <em><strong>do 1&ordm; ANO<\/strong><\/em><\/span> e acesso aos boletos de todos os anos do curso, <em><strong><a href=\"https:\/\/serconet.com.br\/sistemas\/sedes\/saf\/\" target=\"_blank\" rel=\"noopener\">clique aqui&hellip;<\/a><\/strong><\/em><\/li>\n<li><span style=\"color: #008080;\"><strong>Painel Financeiro:<\/strong><\/span> Acompanhe a situa&ccedil;&atilde;o de suas parcelas, <em><strong><a href=\"https:\/\/discente.sedes.org.br\/Financeiro\" target=\"_blank\" rel=\"noopener\">clique aqui&hellip;<\/a><\/strong><\/em><\/li>\n<\/ol>\n<hr>\n<p style=\"text-align: left;\"><strong>&Aacute;rea do Aluno (acad&ecirc;mico):<\/strong> rematr&iacute;cula (2&ordm; ano, 3&ordm; ano, 4&ordm; ano e Aprimoramento), disciplinas, n&ordm; faltas e aprova&ccedil;&otilde;es, <em><strong><a href=\"https:\/\/erpsedes.sedes.org.br\/home\/default.aspx\" target=\"_blank\" rel=\"noopener\">clique aqui&hellip;<\/a><\/strong><\/em><\/p>\n<hr>\n<p><!--\n\n\n<h2 style=\"text-align: left;\">REMATR&Iacute;CULA 2026<\/h2>\n\n\n\n\n<p style=\"text-align: left;\"><strong>ELA N&Atilde;O &Eacute; AUTOM&Aacute;TICA<\/strong><\/p>\n\n\n\n\n<p style=\"text-align: left;\">CONFIRME A SUA MATR&Iacute;CULA <strong><span style=\"color: #ff0000;\">AT&Eacute; 05\/01\/2026<\/span><\/strong> CONFORME DESCRI&Ccedil;&Atilde;O:<\/p>\n\n\n\n\n\n<ol>\n \t\n\n<li style=\"text-align: left;\">OS ALUNOS QUE IR&Atilde;O PARA O 2&ordm;, 3&ordm; OU 4&ordm; ANO, acessar <strong>&Aacute;rea do Aluno<\/strong> (link acima).<\/li>\n\n\n \t\n\n<li style=\"text-align: left;\">PARA ALUNOS BOLSISTA\/COTISTA, fa&ccedil;a a confirma&ccedil;&atilde;o e desconsidere o pagamento.<\/li>\n\n\n<\/ol>\n\n\n\n\n<p style=\"text-align: left;\">Os demais boletos estar&atilde;o dispon&iacute;veis na <strong>&Aacute;rea Financeira<\/strong> (link acima), ap&oacute;s a confirma&ccedil;&atilde;o da matr&iacute;cula.<\/p>\n\n\n\n\n<p style=\"text-align: left;\"><em><strong>O 1&ordm; pagamento ser&aacute; somente em 05\/01\/2026.<\/strong><\/em><\/p>\n\n\n\n\n<p style=\"text-align: left;\"><strong>Observa&ccedil;&atilde;o:<\/strong> o aluno deve estar em dia com as mensalidades para se matricular.<\/p>\n\n\n\n\n\n\n<hr \/>\n\n\n\n&nbsp;--><\/p>\n<\/body><\/html>\n","protected":false},"excerpt":{"rendered":"<p>&Aacute;rea Financeira: matr&iacute;cula do 1&ordm; ANO e acesso aos boletos de todos os anos do curso, clique aqui&hellip; Painel Financeiro: Acompanhe a situa&ccedil;&atilde;o de suas parcelas, clique aqui&hellip; &Aacute;rea do Aluno (acad&ecirc;mico): rematr&iacute;cula (2&ordm; ano, 3&ordm; ano, 4&ordm; ano e Aprimoramento), disciplinas, n&ordm; faltas e aprova&ccedil;&otilde;es, clique aqui&hellip;<\/p>\n","protected":false},"author":4,"featured_media":0,"parent":0,"menu_order":0,"comment_status":"closed","ping_status":"closed","template":"","meta":[],"_links":{"self":[{"href":"https:\/\/sedes.org.br\/site\/wp-json\/wp\/v2\/pages\/9228"}],"collection":[{"href":"https:\/\/sedes.org.br\/site\/wp-json\/wp\/v2\/pages"}],"about":[{"href":"https:\/\/sedes.org.br\/site\/wp-json\/wp\/v2\/types\/page"}],"author":[{"embeddable":true,"href":"https:\/\/sedes.org.br\/site\/wp-json\/wp\/v2\/users\/4"}],"replies":[{"embeddable":true,"href":"https:\/\/sedes.org.br\/site\/wp-json\/wp\/v2\/comments?post=9228"}],"version-history":[{"count":11,"href":"https:\/\/sedes.org.br\/site\/wp-json\/wp\/v2\/pages\/9228\/revisions"}],"predecessor-version":[{"id":10364,"href":"https:\/\/sedes.org.br\/site\/wp-json\/wp\/v2\/pages\/9228\/revisions\/10364"}],"wp:attachment":[{"href":"https:\/\/sedes.org.br\/site\/wp-json\/wp\/v2\/media?parent=9228"}],"curies":[{"name":"wp","href":"https:\/\/api.w.org\/{rel}","templated":true}]}}