{"id":9403,"date":"2026-02-10T08:00:28","date_gmt":"2026-02-10T11:00:28","guid":{"rendered":"https:\/\/sedes.org.br\/site\/?page_id=9403"},"modified":"2026-02-24T10:10:06","modified_gmt":"2026-02-24T13:10:06","slug":"resultado-selecao-9415","status":"publish","type":"page","link":"https:\/\/sedes.org.br\/site\/resultado-selecao-9415\/","title":{"rendered":"Pensadores da Psican\u00e1lise: Teoria e Pr\u00e1tica Cl\u00ednica"},"content":{"rendered":"<!DOCTYPE html PUBLIC \"-\/\/W3C\/\/DTD HTML 4.0 Transitional\/\/EN\" \"http:\/\/www.w3.org\/TR\/REC-html40\/loose.dtd\">\n<html><body><p><strong><span style=\"color: #800000;\">SEGUNDA CHAMADA: 24\/02\/2026<\/span><\/strong><\/p>\n<p style=\"text-align: left;\"><strong><span style=\"color: #800000;\">ATEN&Ccedil;&Atilde;O<\/span><\/strong><\/p>\n<p style=\"text-align: left;\">As matr&iacute;culas dever&atilde;o ser efetuadas de 24\/02\/2026 &agrave;s 14h00 at&eacute; o dia 26\/02\/2026. <em><strong>(ver o procedimento de matr&iacute;cula abaixo da lista de aprovados)<\/strong><\/em><\/p>\n<p style=\"text-align: left;\"><span style=\"color: #800000;\">IN&Iacute;CIO DAS AULAS:<\/span> 02\/03\/2026.<\/p>\n<hr>\n<ol style=\"text-align: left;\">\n<li>AMAR&Iacute;LIS PRADO SARDENBERG<\/li>\n<li>ELIANA DE CARVALHO DIAS<\/li>\n<li>HELOISA ALVES EVANGELISTA BORGES DOS SANTOS<\/li>\n<li>KATIA CORDEIRO MOREIRA<\/li>\n<li>LUIZA KOHLER SEIXAS<\/li>\n<li>MARIA ANTONIA DEMASI<\/li>\n<li>MARIA DAS DORES ALVES MENEZES<\/li>\n<li>MAURICIO DA ROCHA FERRAZ PEREIRA<\/li>\n<li>RAFAEL MOTTA FONTENELLE DE ARAUJO<\/li>\n<li>TIAGO DESIDERIO CORT&Eacute;S<\/li>\n<\/ol>\n<hr>\n<p><strong><span style=\"color: #800000;\">PRIMEIRA CHAMADA: 11\/02\/2026<\/span><\/strong><\/p>\n<p style=\"text-align: left;\"><strong><span style=\"color: #800000;\">ATEN&Ccedil;&Atilde;O<\/span><\/strong><\/p>\n<p style=\"text-align: left;\">As matr&iacute;culas dever&atilde;o ser efetuadas de 11\/02\/2026 &agrave;s 14h00 at&eacute; o dia 13\/02\/2026. <em><strong>(ver o procedimento de matr&iacute;cula abaixo da lista de aprovados)<\/strong><\/em><\/p>\n<p style=\"text-align: left;\"><span style=\"color: #800000;\">IN&Iacute;CIO DAS AULAS:<\/span> 02\/03\/2026.<\/p>\n<hr>\n<ol style=\"text-align: left;\">\n<li>ALINE BARROS<\/li>\n<li>ANDRE MISSFELDT<\/li>\n<li>ANELO HECTOR DE ARAUJO MORAES<\/li>\n<li>BERNARDO DE MELLO FRANCO<\/li>\n<li>CHRISTINE BAENA CASTILHO FONTELLES<\/li>\n<li>FERNANDA MARIA VAZ DE LIMA CODORNIZ<\/li>\n<li>GIOVANA MARQUES CUNHA<\/li>\n<li>GISELA PIRES CASTANHO<\/li>\n<li>GUSTAVO KOLHY FERRAZ<\/li>\n<li>ISABELLA CINOPOLI PIZZATO<\/li>\n<li>LIGIA HELENA SANCHES DOS SANTOS<\/li>\n<li>LU&Iacute;S N&Oacute;BREGA FERNANDES<\/li>\n<li>LUISA CIELAVIN MACHADO<\/li>\n<li>LUIZA DE G&Oacute;ES BERNARDINI<\/li>\n<li>LUIZA GONZALEZ MORAES<\/li>\n<li>MARIA FLAVIA MACHADO PAVAN<\/li>\n<li>MARIA LUIZA BURATINI<\/li>\n<li>MARINA VICENTE DE AZEVEDO NOWILL<\/li>\n<li>MONICA MURAKAMI DE CAMPOS<\/li>\n<li>REGINA CELI QUARENTA<\/li>\n<li>RODRIGO DE CAMARGO ARANHA BACCHI<\/li>\n<li>SUELEN VERONICA MOREIRA<\/li>\n<li>VALERIE ENGELSBERG<\/li>\n<li>VICTOR FARAH BRAHIM<\/li>\n<\/ol>\n<hr>\n<p style=\"text-align: left;\"><a href=\"https:\/\/inscricaocotas.sedes.org.br\/\" target=\"_blank\" rel=\"noopener\"><em><strong>Inscri&ccedil;&atilde;o no programa de cotas raciais para pretos, pardos ou ind&iacute;gena, clique aqui&hellip;<\/strong><\/em><\/a><\/p>\n<hr>\n<h4 style=\"text-align: left;\"><span style=\"color: #800000;\">COMO FAZER MINHA MATR&Iacute;CULA?<\/span><\/h4>\n<p style=\"padding-left: 40px;\">1 &ndash; Acessar o site do Sedes em <a href=\"https:\/\/sedes.org.br\">https:\/\/sedes.org.br<\/a>, e no cabe&ccedil;alho clicar em <strong><em>&ldquo;<a href=\"https:\/\/sedes.org.br\/site\/area_alunos\/\">ALUNO<\/a><\/em><\/strong><em>&rdquo;<\/em>, e na p&aacute;gina seguinte em: <strong><em>&ldquo;<u><a href=\"https:\/\/sedes.org.br\/site\/area_alunos\/\">&Aacute;rea Financeira<\/a><\/u>&rdquo;<\/em><\/strong>.<\/p>\n<p style=\"padding-left: 40px;\">2 &ndash; Para ingressar no sistema, o aluno dever&aacute; fornecer o CPF no campo de identifica&ccedil;&atilde;o, sem pontos e sem h&iacute;fen, e clicar em conectar. (<strong><em>se ao inserir seu CPF, aparecer na tela a informa&ccedil;&atilde;o de &ldquo;IDENTIFICA&Ccedil;&Atilde;O INV&Aacute;LIDA&rdquo;, entrar em contato com a Tesouraria pelo email: <\/em><\/strong><a href=\"mailto:tesouraria@sedes.org.br\"><em>tesouraria@sedes.org.br<\/em><\/a>)<\/p>\n<p style=\"padding-left: 80px;\">2.1 &ndash; Na pr&oacute;xima tela, clicar no &iacute;cone no formato de um cadeado (<em>Esqueceu sua senha?<\/em>), e em seguida clicar em &ldquo;Receber C&oacute;digo&rdquo;, que ser&aacute; enviado para o seu email para cria&ccedil;&atilde;o de uma senha, conforme instru&ccedil;&otilde;es na tela. Ap&oacute;s cria&ccedil;&atilde;o conclu&iacute;da, basta inserir novamente a senha para entrar no sistema. (<strong><em>Lembre-se de utilizar uma senha forte, de prefer&ecirc;ncia contendo letras mai&uacute;sculas e min&uacute;sculas, n&uacute;meros e caracteres especiais).<\/em><\/strong><\/p>\n<p style=\"padding-left: 40px;\">3 &ndash; Ao ingressar no sistema, clicar em seu nome no canto superior esquerdo da p&aacute;gina para abrir um menu com algumas op&ccedil;&otilde;es. Clique em <strong>&ldquo;MATR&Iacute;CULA&rdquo;<\/strong> para visualizar o contrato, fazer a leitura e confirmar a assinatura eletr&ocirc;nica.<\/p>\n<p style=\"padding-left: 40px;\">4 &ndash; Ap&oacute;s a confirma&ccedil;&atilde;o da assinatura, ser&aacute; liberado o C&oacute;digo PIX para pagamento da matr&iacute;cula, que dever&aacute; ser efetivado no mesmo dia da assinatura eletr&ocirc;nica do contrato. <strong><em>IMPORTANTE: Lembramos que seu contrato somente ser&aacute; efetivado ap&oacute;s a confirma&ccedil;&atilde;o do pagamento da matr&iacute;cula.<\/em><\/strong><\/p>\n<p><strong><em>Observa&ccedil;&atilde;o:<\/em><\/strong> os boletos das mensalidades dos meses posteriores, poder&atilde;o ser visualizados e\/ou impressos a partir do mesmo sistema: <strong><em>&ldquo;<a href=\"https:\/\/sedes.org.br\/site\/area_alunos\/\">ALUNO<\/a><\/em><\/strong><em>&rdquo;<\/em>, e na p&aacute;gina seguinte em: <strong><em>&ldquo;<u><a href=\"https:\/\/sedes.org.br\/site\/area_alunos\/\">&Aacute;rea Financeira<\/a><\/u>&rdquo;<\/em><\/strong><strong>.<\/strong><\/p>\n<hr>\n<p style=\"text-align: left;\"><a href=\"https:\/\/inscricaocotas.sedes.org.br\/\" target=\"_blank\" rel=\"noopener\"><em><strong>Inscri&ccedil;&atilde;o no programa de cotas raciais para pretos, pardos ou ind&iacute;gena, clique aqui&hellip;<\/strong><\/em><\/a><\/p>\n<hr>\n<\/body><\/html>\n","protected":false},"excerpt":{"rendered":"<p>SEGUNDA CHAMADA: 24\/02\/2026 ATEN&Ccedil;&Atilde;O As matr&iacute;culas dever&atilde;o ser efetuadas de 24\/02\/2026 &agrave;s 14h00 at&eacute; o dia 26\/02\/2026. (ver o procedimento de matr&iacute;cula abaixo da lista de aprovados) IN&Iacute;CIO DAS AULAS: 02\/03\/2026. AMAR&Iacute;LIS PRADO SARDENBERG ELIANA DE CARVALHO DIAS HELOISA ALVES EVANGELISTA BORGES DOS SANTOS KATIA CORDEIRO MOREIRA LUIZA KOHLER SEIXAS MARIA ANTONIA DEMASI MARIA DAS [&hellip;]<\/p>\n","protected":false},"author":4,"featured_media":0,"parent":0,"menu_order":0,"comment_status":"closed","ping_status":"closed","template":"","meta":[],"_links":{"self":[{"href":"https:\/\/sedes.org.br\/site\/wp-json\/wp\/v2\/pages\/9403"}],"collection":[{"href":"https:\/\/sedes.org.br\/site\/wp-json\/wp\/v2\/pages"}],"about":[{"href":"https:\/\/sedes.org.br\/site\/wp-json\/wp\/v2\/types\/page"}],"author":[{"embeddable":true,"href":"https:\/\/sedes.org.br\/site\/wp-json\/wp\/v2\/users\/4"}],"replies":[{"embeddable":true,"href":"https:\/\/sedes.org.br\/site\/wp-json\/wp\/v2\/comments?post=9403"}],"version-history":[{"count":7,"href":"https:\/\/sedes.org.br\/site\/wp-json\/wp\/v2\/pages\/9403\/revisions"}],"predecessor-version":[{"id":10251,"href":"https:\/\/sedes.org.br\/site\/wp-json\/wp\/v2\/pages\/9403\/revisions\/10251"}],"wp:attachment":[{"href":"https:\/\/sedes.org.br\/site\/wp-json\/wp\/v2\/media?parent=9403"}],"curies":[{"name":"wp","href":"https:\/\/api.w.org\/{rel}","templated":true}]}}